{"id":7535,"date":"2022-05-24T10:03:34","date_gmt":"2022-05-24T08:03:34","guid":{"rendered":"https:\/\/sednacontainers.com\/?post_type=product&#038;p=7535"},"modified":"2024-03-16T15:57:21","modified_gmt":"2024-03-16T14:57:21","slug":"8ft-wc-en-douche","status":"publish","type":"product","link":"https:\/\/sednacontainers.com\/en\/winkel\/containers\/accommodaties\/8ft-toilet-and-shower-2\/","title":{"rendered":"8ft Toilet and Shower - New"},"content":{"rendered":"<p>The 8ft SEDNA toilet and shower container is insulated with lighting as standard, has two steel access doors, one toilet, one sink with mirror, ventilation and frost protection. The container is painted in RAL 5010 (blue) as standard, but optionally available in any RAL colour.<\/p>","protected":false},"excerpt":{"rendered":"<p>The 8ft SEDNA toilet and shower container is insulated with lighting as standard, has two steel access doors, one toilet, one sink with mirror, ventilation and frost protection. The container is painted in RAL 5010 (blue) as standard, but optionally available in any RAL colour.<\/p>","protected":false},"featured_media":6641,"comment_status":"closed","ping_status":"closed","template":"","meta":{"content-type":""},"product_cat":[83,56,828],"product_tag":[],"kopen_of_huren_tax":[565],"lengte":[701],"nieuw_of_gebruikt_tax":[138],"locatie":[788],"acf":[],"yoast_head":"<!-- This site is optimized with the Yoast SEO Premium plugin v19.1 (Yoast SEO v22.0) - https:\/\/yoast.com\/wordpress\/plugins\/seo\/ -->\n<title>8ft Wc en Douche - Nieuw &#8212; Sedna Containers<\/title>\n<meta name=\"description\" content=\"Op zoek naar een 8ft Wc en Douche - Nieuw? Bij SEDNA Containers hebben we een grote voorraad voor de verkoop &amp; verhuur. Wil je een container aanpassen naar jouw wensen?\" \/>\n<meta name=\"robots\" content=\"index, follow, max-snippet:-1, max-image-preview:large, max-video-preview:-1\" \/>\n<link rel=\"canonical\" href=\"https:\/\/sednacontainers.com\/en\/winkel\/containers\/accommodaties\/8ft-toilet-and-shower-2\/\" \/>\n<meta property=\"og:locale\" content=\"en_GB\" \/>\n<meta property=\"og:type\" content=\"article\" \/>\n<meta property=\"og:title\" content=\"8ft Wc en Douche - Nieuw\" \/>\n<meta property=\"og:description\" content=\"De 8ft SEDNA wc en douche container is standaard ge\u00efsoleerd voorzien van verlichting, heeft twee stalen toegangsdeuren, \u00e9\u00e9n toilet, \u00e9\u00e9n wasbak met spiegel, ventilatie en vorstbeveiliging. De container is standaard gespoten in RAL 5010 (blauw), maar optioneel in elke RAL kleur verkrijgbaar.\" \/>\n<meta property=\"og:url\" content=\"https:\/\/sednacontainers.com\/en\/winkel\/containers\/accommodaties\/8ft-toilet-and-shower-2\/\" \/>\n<meta property=\"og:site_name\" content=\"Sedna Containers\" \/>\n<meta property=\"article:publisher\" content=\"https:\/\/www.facebook.com\/SEDNAcontainers\/\" \/>\n<meta property=\"article:modified_time\" content=\"2024-03-16T14:57:21+00:00\" \/>\n<meta property=\"og:image\" content=\"https:\/\/sednacontainers.com\/app\/uploads\/2022\/05\/WC1.png\" \/>\n\t<meta property=\"og:image:width\" content=\"1829\" \/>\n\t<meta property=\"og:image:height\" content=\"1979\" \/>\n\t<meta property=\"og:image:type\" content=\"image\/png\" \/>\n<meta name=\"twitter:card\" content=\"summary_large_image\" \/>\n<script type=\"application\/ld+json\" class=\"yoast-schema-graph\">{\"@context\":\"https:\/\/schema.org\",\"@graph\":[{\"@type\":\"WebPage\",\"@id\":\"https:\/\/sednacontainers.com\/winkel\/containers\/accommodaties\/8ft-wc-en-douche\/\",\"url\":\"https:\/\/sednacontainers.com\/winkel\/containers\/accommodaties\/8ft-wc-en-douche\/\",\"name\":\"8ft Wc en Douche - Nieuw &#8212; Sedna Containers\",\"isPartOf\":{\"@id\":\"https:\/\/sednacontainers.com\/#website\"},\"datePublished\":\"2022-05-24T08:03:34+00:00\",\"dateModified\":\"2024-03-16T14:57:21+00:00\",\"description\":\"Op zoek naar een 8ft Wc en Douche - Nieuw? Bij SEDNA Containers hebben we een grote voorraad voor de verkoop & verhuur. Wil je een container aanpassen naar jouw wensen?\",\"breadcrumb\":{\"@id\":\"https:\/\/sednacontainers.com\/winkel\/containers\/accommodaties\/8ft-wc-en-douche\/#breadcrumb\"},\"inLanguage\":\"en-GB\",\"potentialAction\":[{\"@type\":\"ReadAction\",\"target\":[\"https:\/\/sednacontainers.com\/winkel\/containers\/accommodaties\/8ft-wc-en-douche\/\"]}]},{\"@type\":\"BreadcrumbList\",\"@id\":\"https:\/\/sednacontainers.com\/winkel\/containers\/accommodaties\/8ft-wc-en-douche\/#breadcrumb\",\"itemListElement\":[{\"@type\":\"ListItem\",\"position\":1,\"name\":\"Home\",\"item\":\"https:\/\/sednacontainers.com\/\"},{\"@type\":\"ListItem\",\"position\":2,\"name\":\"Winkel\",\"item\":\"https:\/\/sednacontainers.com\/winkel\/\"},{\"@type\":\"ListItem\",\"position\":3,\"name\":\"8ft Wc en Douche &#8211; Nieuw\"}]},{\"@type\":\"WebSite\",\"@id\":\"https:\/\/sednacontainers.com\/#website\",\"url\":\"https:\/\/sednacontainers.com\/\",\"name\":\"Sedna Containers\",\"description\":\"Verkoop en verhuur van allerlei type containers\",\"publisher\":{\"@id\":\"https:\/\/sednacontainers.com\/#organization\"},\"potentialAction\":[{\"@type\":\"SearchAction\",\"target\":{\"@type\":\"EntryPoint\",\"urlTemplate\":\"https:\/\/sednacontainers.com\/?s={search_term_string}\"},\"query-input\":\"required name=search_term_string\"}],\"inLanguage\":\"en-GB\"},{\"@type\":\"Organization\",\"@id\":\"https:\/\/sednacontainers.com\/#organization\",\"name\":\"SEDNA Containers\",\"url\":\"https:\/\/sednacontainers.com\/\",\"logo\":{\"@type\":\"ImageObject\",\"inLanguage\":\"en-GB\",\"@id\":\"https:\/\/sednacontainers.com\/#\/schema\/logo\/image\/\",\"url\":\"https:\/\/www.sednacontainers.com\/app\/uploads\/2022\/05\/Sedna-S-logo.jpg\",\"contentUrl\":\"https:\/\/www.sednacontainers.com\/app\/uploads\/2022\/05\/Sedna-S-logo.jpg\",\"width\":306,\"height\":345,\"caption\":\"SEDNA Containers\"},\"image\":{\"@id\":\"https:\/\/sednacontainers.com\/#\/schema\/logo\/image\/\"},\"sameAs\":[\"https:\/\/www.facebook.com\/SEDNAcontainers\/\",\"https:\/\/www.linkedin.com\/company\/sedna-containers-b-v-\/\"]}]}<\/script>\n<!-- \/ Yoast SEO Premium plugin. -->","yoast_head_json":{"title":"8ft Wc en Douche - Nieuw &#8212; Sedna Containers","description":"Op zoek naar een 8ft Wc en Douche - Nieuw? Bij SEDNA Containers hebben we een grote voorraad voor de verkoop & verhuur. Wil je een container aanpassen naar jouw wensen?","robots":{"index":"index","follow":"follow","max-snippet":"max-snippet:-1","max-image-preview":"max-image-preview:large","max-video-preview":"max-video-preview:-1"},"canonical":"https:\/\/sednacontainers.com\/en\/winkel\/containers\/accommodaties\/8ft-toilet-and-shower-2\/","og_locale":"en_GB","og_type":"article","og_title":"8ft Wc en Douche - Nieuw","og_description":"De 8ft SEDNA wc en douche container is standaard ge\u00efsoleerd voorzien van verlichting, heeft twee stalen toegangsdeuren, \u00e9\u00e9n toilet, \u00e9\u00e9n wasbak met spiegel, ventilatie en vorstbeveiliging. De container is standaard gespoten in RAL 5010 (blauw), maar optioneel in elke RAL kleur verkrijgbaar.","og_url":"https:\/\/sednacontainers.com\/en\/winkel\/containers\/accommodaties\/8ft-toilet-and-shower-2\/","og_site_name":"Sedna Containers","article_publisher":"https:\/\/www.facebook.com\/SEDNAcontainers\/","article_modified_time":"2024-03-16T14:57:21+00:00","og_image":[{"width":1829,"height":1979,"url":"https:\/\/sednacontainers.com\/app\/uploads\/2022\/05\/WC1.png","type":"image\/png"}],"twitter_card":"summary_large_image","schema":{"@context":"https:\/\/schema.org","@graph":[{"@type":"WebPage","@id":"https:\/\/sednacontainers.com\/winkel\/containers\/accommodaties\/8ft-wc-en-douche\/","url":"https:\/\/sednacontainers.com\/winkel\/containers\/accommodaties\/8ft-wc-en-douche\/","name":"8ft Wc en Douche - Nieuw &#8212; Sedna Containers","isPartOf":{"@id":"https:\/\/sednacontainers.com\/#website"},"datePublished":"2022-05-24T08:03:34+00:00","dateModified":"2024-03-16T14:57:21+00:00","description":"Op zoek naar een 8ft Wc en Douche - Nieuw? Bij SEDNA Containers hebben we een grote voorraad voor de verkoop & verhuur. Wil je een container aanpassen naar jouw wensen?","breadcrumb":{"@id":"https:\/\/sednacontainers.com\/winkel\/containers\/accommodaties\/8ft-wc-en-douche\/#breadcrumb"},"inLanguage":"en-GB","potentialAction":[{"@type":"ReadAction","target":["https:\/\/sednacontainers.com\/winkel\/containers\/accommodaties\/8ft-wc-en-douche\/"]}]},{"@type":"BreadcrumbList","@id":"https:\/\/sednacontainers.com\/winkel\/containers\/accommodaties\/8ft-wc-en-douche\/#breadcrumb","itemListElement":[{"@type":"ListItem","position":1,"name":"Home","item":"https:\/\/sednacontainers.com\/"},{"@type":"ListItem","position":2,"name":"Winkel","item":"https:\/\/sednacontainers.com\/winkel\/"},{"@type":"ListItem","position":3,"name":"8ft Wc en Douche &#8211; Nieuw"}]},{"@type":"WebSite","@id":"https:\/\/sednacontainers.com\/#website","url":"https:\/\/sednacontainers.com\/","name":"Sedna Containers","description":"Verkoop en verhuur van allerlei type containers","publisher":{"@id":"https:\/\/sednacontainers.com\/#organization"},"potentialAction":[{"@type":"SearchAction","target":{"@type":"EntryPoint","urlTemplate":"https:\/\/sednacontainers.com\/?s={search_term_string}"},"query-input":"required name=search_term_string"}],"inLanguage":"en-GB"},{"@type":"Organization","@id":"https:\/\/sednacontainers.com\/#organization","name":"SEDNA Containers","url":"https:\/\/sednacontainers.com\/","logo":{"@type":"ImageObject","inLanguage":"en-GB","@id":"https:\/\/sednacontainers.com\/#\/schema\/logo\/image\/","url":"https:\/\/www.sednacontainers.com\/app\/uploads\/2022\/05\/Sedna-S-logo.jpg","contentUrl":"https:\/\/www.sednacontainers.com\/app\/uploads\/2022\/05\/Sedna-S-logo.jpg","width":306,"height":345,"caption":"SEDNA Containers"},"image":{"@id":"https:\/\/sednacontainers.com\/#\/schema\/logo\/image\/"},"sameAs":["https:\/\/www.facebook.com\/SEDNAcontainers\/","https:\/\/www.linkedin.com\/company\/sedna-containers-b-v-\/"]}]}},"_links":{"self":[{"href":"https:\/\/sednacontainers.com\/en\/wp-json\/wp\/v2\/product\/7535"}],"collection":[{"href":"https:\/\/sednacontainers.com\/en\/wp-json\/wp\/v2\/product"}],"about":[{"href":"https:\/\/sednacontainers.com\/en\/wp-json\/wp\/v2\/types\/product"}],"replies":[{"embeddable":true,"href":"https:\/\/sednacontainers.com\/en\/wp-json\/wp\/v2\/comments?post=7535"}],"wp:featuredmedia":[{"embeddable":true,"href":"https:\/\/sednacontainers.com\/en\/wp-json\/wp\/v2\/media\/6641"}],"wp:attachment":[{"href":"https:\/\/sednacontainers.com\/en\/wp-json\/wp\/v2\/media?parent=7535"}],"wp:term":[{"taxonomy":"product_cat","embeddable":true,"href":"https:\/\/sednacontainers.com\/en\/wp-json\/wp\/v2\/product_cat?post=7535"},{"taxonomy":"product_tag","embeddable":true,"href":"https:\/\/sednacontainers.com\/en\/wp-json\/wp\/v2\/product_tag?post=7535"},{"taxonomy":"kopen_of_huren_tax","embeddable":true,"href":"https:\/\/sednacontainers.com\/en\/wp-json\/wp\/v2\/kopen_of_huren_tax?post=7535"},{"taxonomy":"lengte","embeddable":true,"href":"https:\/\/sednacontainers.com\/en\/wp-json\/wp\/v2\/lengte?post=7535"},{"taxonomy":"nieuw_of_gebruikt_tax","embeddable":true,"href":"https:\/\/sednacontainers.com\/en\/wp-json\/wp\/v2\/nieuw_of_gebruikt_tax?post=7535"},{"taxonomy":"locatie","embeddable":true,"href":"https:\/\/sednacontainers.com\/en\/wp-json\/wp\/v2\/locatie?post=7535"}],"curies":[{"name":"wp","href":"https:\/\/api.w.org\/{rel}","templated":true}]}}